{"id":55397,"date":"2024-09-29T16:59:28","date_gmt":"2024-09-29T13:59:28","guid":{"rendered":"https:\/\/lialea.com\/urun\/girl-white-blouse-3\/"},"modified":"2025-03-10T22:27:09","modified_gmt":"2025-03-10T19:27:09","slug":"kiz-cocuk-beyaz-bluz-3","status":"publish","type":"product","link":"https:\/\/lialea.com\/en\/product\/kiz-cocuk-beyaz-bluz-3\/","title":{"rendered":"Girl's White Blouse"},"content":{"rendered":"<p>LOVE Slogan bask\u0131l\u0131 beyaz pamuklu uzun kollu ti\u015f\u00f6rt.<\/p>\n<p>&nbsp;<\/p>\n<p><iframe title=\"Love T-shirt &amp; LiLa Fitilli Kadife Pantolon, Love T-shirt &amp; LiLa Corduroy Trousers\" width=\"1200\" height=\"675\" src=\"https:\/\/www.youtube.com\/embed\/nJoesVbtJss?feature=oembed\" frameborder=\"0\" allow=\"accelerometer; autoplay; clipboard-write; encrypted-media; gyroscope; picture-in-picture; web-share\" referrerpolicy=\"strict-origin-when-cross-origin\" allowfullscreen><\/iframe><\/p>\n<p>&nbsp;<\/p>\n<p><iframe title=\"Love T-shirt &amp; Kadife Kollu Kapitone Ceket, Love T-shirt &amp; Velvet Sleeve Quilted Jacket\" width=\"1200\" height=\"675\" src=\"https:\/\/www.youtube.com\/embed\/cZ1pxC2iFeU?feature=oembed\" frameborder=\"0\" allow=\"accelerometer; autoplay; clipboard-write; encrypted-media; gyroscope; picture-in-picture; web-share\" referrerpolicy=\"strict-origin-when-cross-origin\" allowfullscreen><\/iframe><\/p>","protected":false},"excerpt":{"rendered":"<table width=\"1089\">\n<tbody>\n<tr>\n<td width=\"204\"><\/td>\n<td colspan=\"5\" width=\"885\">BEDEN<\/td>\n<\/tr>\n<tr>\n<td><\/td>\n<td>4-5 Ya\u015f (104 &#8211; 110 cm)<\/td>\n<td>5-6 Ya\u015f (110 &#8211; 118 cm)<\/td>\n<td>7-8 Ya\u015f (122- 128 cm)<\/td>\n<td>9-10 Ya\u015f (132 &#8211; 140 cm)<\/td>\n<td>11-12 Ya\u015f (152 cm)<\/td>\n<\/tr>\n<tr>\n<td>Bluz Boyu<\/td>\n<td width=\"177\">35<\/td>\n<td width=\"181\">37<\/td>\n<td width=\"179\">39<\/td>\n<td width=\"193\">42,5<\/td>\n<td width=\"155\">46<\/td>\n<\/tr>\n<tr>\n<td>G\u00f6\u011f\u00fcs Geni\u015fli\u011fi<\/td>\n<td width=\"177\">33<\/td>\n<td width=\"181\">34,5<\/td>\n<td width=\"179\">36<\/td>\n<td width=\"193\">38,5<\/td>\n<td width=\"155\">41<\/td>\n<\/tr>\n<\/tbody>\n<\/table>","protected":false},"featured_media":54866,"comment_status":"open","ping_status":"closed","template":"","meta":[],"product_brand":[],"product_cat":[155,162],"product_tag":[],"class_list":{"0":"post-55397","1":"product","2":"type-product","3":"status-publish","4":"has-post-thumbnail","6":"product_cat-bluzlar","7":"product_cat-ozel-fiyatlar","10":"first","11":"instock","12":"shipping-taxable","13":"product-type-external"},"_links":{"self":[{"href":"https:\/\/lialea.com\/en\/wp-json\/wp\/v2\/product\/55397","targetHints":{"allow":["GET"]}}],"collection":[{"href":"https:\/\/lialea.com\/en\/wp-json\/wp\/v2\/product"}],"about":[{"href":"https:\/\/lialea.com\/en\/wp-json\/wp\/v2\/types\/product"}],"replies":[{"embeddable":true,"href":"https:\/\/lialea.com\/en\/wp-json\/wp\/v2\/comments?post=55397"}],"wp:featuredmedia":[{"embeddable":true,"href":"https:\/\/lialea.com\/en\/wp-json\/wp\/v2\/media\/54866"}],"wp:attachment":[{"href":"https:\/\/lialea.com\/en\/wp-json\/wp\/v2\/media?parent=55397"}],"wp:term":[{"taxonomy":"product_brand","embeddable":true,"href":"https:\/\/lialea.com\/en\/wp-json\/wp\/v2\/product_brand?post=55397"},{"taxonomy":"product_cat","embeddable":true,"href":"https:\/\/lialea.com\/en\/wp-json\/wp\/v2\/product_cat?post=55397"},{"taxonomy":"product_tag","embeddable":true,"href":"https:\/\/lialea.com\/en\/wp-json\/wp\/v2\/product_tag?post=55397"}],"curies":[{"name":"wp","href":"https:\/\/api.w.org\/{rel}","templated":true}]}}