{"id":55393,"date":"2024-09-29T16:55:25","date_gmt":"2024-09-29T13:55:25","guid":{"rendered":"https:\/\/lialea.com\/urun\/girl-white-blouse\/"},"modified":"2025-03-10T22:16:59","modified_gmt":"2025-03-10T19:16:59","slug":"kiz-cocuk-beyaz-bluz","status":"publish","type":"product","link":"https:\/\/lialea.com\/en\/product\/kiz-cocuk-beyaz-bluz\/","title":{"rendered":"Girl's White Blouse"},"content":{"rendered":"<p>Rahat kullan\u0131m i\u00e7in b\u00fczg\u00fcl\u00fc yaka ve kollara sahip k\u0131z \u00e7ocuk bluzu.<\/p>\n<p>&nbsp;<\/p>\n<p><iframe title=\"B\u00fczg\u00fcl\u00fc Yaka Bl\u00fcz &amp; Fitilli Kadife Bol Pa\u00e7a Pantolon\" width=\"1200\" height=\"675\" src=\"https:\/\/www.youtube.com\/embed\/OVN1f_b-xDo?feature=oembed\" frameborder=\"0\" allow=\"accelerometer; autoplay; clipboard-write; encrypted-media; gyroscope; picture-in-picture; web-share\" referrerpolicy=\"strict-origin-when-cross-origin\" allowfullscreen><\/iframe><\/p>\n<p>&nbsp;<\/p>\n<p><iframe title=\"B\u00fczg\u00fcl\u00fc Yaka Bl\u00fcz &amp; Fitilli Kadife Bol Pa\u00e7a Pantolon, Gathered Collar Blouse\" width=\"1200\" height=\"675\" src=\"https:\/\/www.youtube.com\/embed\/j-n8jKCG81k?feature=oembed\" frameborder=\"0\" allow=\"accelerometer; autoplay; clipboard-write; encrypted-media; gyroscope; picture-in-picture; web-share\" referrerpolicy=\"strict-origin-when-cross-origin\" allowfullscreen><\/iframe><\/p>","protected":false},"excerpt":{"rendered":"<p>Rahat kullan\u0131m i\u00e7in b\u00fczg\u00fcl\u00fc yaka ve kollara sahip k\u0131z \u00e7ocuk bluzu. &nbsp; &nbsp;<\/p>","protected":false},"featured_media":54849,"comment_status":"open","ping_status":"closed","template":"","meta":[],"product_brand":[],"product_cat":[155,162],"product_tag":[],"class_list":{"0":"post-55393","1":"product","2":"type-product","3":"status-publish","4":"has-post-thumbnail","6":"product_cat-bluzlar","7":"product_cat-ozel-fiyatlar","10":"first","11":"instock","12":"shipping-taxable","13":"product-type-external"},"_links":{"self":[{"href":"https:\/\/lialea.com\/en\/wp-json\/wp\/v2\/product\/55393","targetHints":{"allow":["GET"]}}],"collection":[{"href":"https:\/\/lialea.com\/en\/wp-json\/wp\/v2\/product"}],"about":[{"href":"https:\/\/lialea.com\/en\/wp-json\/wp\/v2\/types\/product"}],"replies":[{"embeddable":true,"href":"https:\/\/lialea.com\/en\/wp-json\/wp\/v2\/comments?post=55393"}],"wp:featuredmedia":[{"embeddable":true,"href":"https:\/\/lialea.com\/en\/wp-json\/wp\/v2\/media\/54849"}],"wp:attachment":[{"href":"https:\/\/lialea.com\/en\/wp-json\/wp\/v2\/media?parent=55393"}],"wp:term":[{"taxonomy":"product_brand","embeddable":true,"href":"https:\/\/lialea.com\/en\/wp-json\/wp\/v2\/product_brand?post=55393"},{"taxonomy":"product_cat","embeddable":true,"href":"https:\/\/lialea.com\/en\/wp-json\/wp\/v2\/product_cat?post=55393"},{"taxonomy":"product_tag","embeddable":true,"href":"https:\/\/lialea.com\/en\/wp-json\/wp\/v2\/product_tag?post=55393"}],"curies":[{"name":"wp","href":"https:\/\/api.w.org\/{rel}","templated":true}]}}