{"id":55392,"date":"2024-09-29T16:54:23","date_gmt":"2024-09-29T13:54:23","guid":{"rendered":"https:\/\/lialea.com\/urun\/girl-patterned-skirt-3\/"},"modified":"2025-03-10T22:16:25","modified_gmt":"2025-03-10T19:16:25","slug":"kiz-cocuk-desenli-etek-3","status":"publish","type":"product","link":"https:\/\/lialea.com\/en\/product\/kiz-cocuk-desenli-etek-3\/","title":{"rendered":"Girl's Patterned Skirt"},"content":{"rendered":"<p>Kaplan desenli klo\u015f etek %100 pamuklu kuma\u015ftan \u00fcretilmi\u015ftir.<\/p>\n<p>&nbsp;<\/p>\n<p><iframe title=\"Kaplan Deatl\u0131 Kilo\u015f Etek, Tiger Deat Skirt\" width=\"1200\" height=\"675\" src=\"https:\/\/www.youtube.com\/embed\/rBBDArNd7KA?feature=oembed\" frameborder=\"0\" allow=\"accelerometer; autoplay; clipboard-write; encrypted-media; gyroscope; picture-in-picture; web-share\" referrerpolicy=\"strict-origin-when-cross-origin\" allowfullscreen><\/iframe><\/p>","protected":false},"excerpt":{"rendered":"<table width=\"1089\">\n<tbody>\n<tr>\n<td width=\"204\"><\/td>\n<td colspan=\"5\" width=\"885\">BEDEN<\/td>\n<\/tr>\n<tr>\n<td><\/td>\n<td>4-5 Ya\u015f (104 &#8211; 110 cm)<\/td>\n<td>5-6 Ya\u015f (110 &#8211; 118 cm)<\/td>\n<td>7-8 Ya\u015f (122- 128 cm)<\/td>\n<td>9-10 Ya\u015f (132 &#8211; 140 cm)<\/td>\n<td>11-12 Ya\u015f (152 cm)<\/td>\n<\/tr>\n<tr>\n<td>Etek Boyu<\/td>\n<td width=\"177\">44<\/td>\n<td width=\"181\">47<\/td>\n<td width=\"179\">50<\/td>\n<td width=\"193\">54<\/td>\n<td width=\"155\">58<\/td>\n<\/tr>\n<tr>\n<td>Bel Geni\u015fli\u011fi<\/td>\n<td width=\"177\">22<\/td>\n<td width=\"181\">23,5<\/td>\n<td width=\"179\">25<\/td>\n<td width=\"193\">27<\/td>\n<td width=\"155\">29<\/td>\n<\/tr>\n<\/tbody>\n<\/table>","protected":false},"featured_media":54845,"comment_status":"open","ping_status":"closed","template":"","meta":[],"product_brand":[],"product_cat":[154,162],"product_tag":[],"class_list":{"0":"post-55392","1":"product","2":"type-product","3":"status-publish","4":"has-post-thumbnail","6":"product_cat-etekler","7":"product_cat-ozel-fiyatlar","10":"first","11":"instock","12":"shipping-taxable","13":"product-type-external"},"_links":{"self":[{"href":"https:\/\/lialea.com\/en\/wp-json\/wp\/v2\/product\/55392","targetHints":{"allow":["GET"]}}],"collection":[{"href":"https:\/\/lialea.com\/en\/wp-json\/wp\/v2\/product"}],"about":[{"href":"https:\/\/lialea.com\/en\/wp-json\/wp\/v2\/types\/product"}],"replies":[{"embeddable":true,"href":"https:\/\/lialea.com\/en\/wp-json\/wp\/v2\/comments?post=55392"}],"wp:featuredmedia":[{"embeddable":true,"href":"https:\/\/lialea.com\/en\/wp-json\/wp\/v2\/media\/54845"}],"wp:attachment":[{"href":"https:\/\/lialea.com\/en\/wp-json\/wp\/v2\/media?parent=55392"}],"wp:term":[{"taxonomy":"product_brand","embeddable":true,"href":"https:\/\/lialea.com\/en\/wp-json\/wp\/v2\/product_brand?post=55392"},{"taxonomy":"product_cat","embeddable":true,"href":"https:\/\/lialea.com\/en\/wp-json\/wp\/v2\/product_cat?post=55392"},{"taxonomy":"product_tag","embeddable":true,"href":"https:\/\/lialea.com\/en\/wp-json\/wp\/v2\/product_tag?post=55392"}],"curies":[{"name":"wp","href":"https:\/\/api.w.org\/{rel}","templated":true}]}}