{"id":55374,"date":"2024-09-29T16:02:10","date_gmt":"2024-09-29T13:02:10","guid":{"rendered":"https:\/\/lialea.com\/urun\/girl-black-blouse\/"},"modified":"2025-03-10T22:13:57","modified_gmt":"2025-03-10T19:13:57","slug":"kiz-cocuk-siyah-bluz","status":"publish","type":"product","link":"https:\/\/lialea.com\/en\/product\/kiz-cocuk-siyah-bluz\/","title":{"rendered":"Girl's Black Blouse"},"content":{"rendered":"<p>Pembe kap\u00fc\u015fonlu ve belinde pembe b\u00fczg\u00fc detayl\u0131 sportif \u015f\u0131k k\u0131z \u00e7ocuk bluzu.<\/p>","protected":false},"excerpt":{"rendered":"<table width=\"1089\">\n<tbody>\n<tr>\n<td width=\"204\"><\/td>\n<td colspan=\"5\" width=\"885\">BEDEN<\/td>\n<\/tr>\n<tr>\n<td><\/td>\n<td>4-5 Ya\u015f (104 &#8211; 110 cm)<\/td>\n<td>5-6 Ya\u015f (110 &#8211; 118 cm)<\/td>\n<td>7-8 Ya\u015f (122- 128 cm)<\/td>\n<td>9-10 Ya\u015f (132 &#8211; 140 cm)<\/td>\n<td>11-12 Ya\u015f (152 cm)<\/td>\n<\/tr>\n<tr>\n<td>Bluz Boyu<\/td>\n<td width=\"177\">28<\/td>\n<td width=\"181\">30<\/td>\n<td width=\"179\">32<\/td>\n<td width=\"193\">35<\/td>\n<td width=\"155\">38<\/td>\n<\/tr>\n<tr>\n<td>G\u00f6\u011f\u00fcs Geni\u015fli\u011fi<\/td>\n<td width=\"177\">42<\/td>\n<td width=\"181\">43,5<\/td>\n<td width=\"179\">45<\/td>\n<td width=\"193\">47,5<\/td>\n<td width=\"155\">50<\/td>\n<\/tr>\n<\/tbody>\n<\/table>","protected":false},"featured_media":54749,"comment_status":"open","ping_status":"closed","template":"","meta":[],"product_brand":[],"product_cat":[155,162],"product_tag":[],"class_list":{"0":"post-55374","1":"product","2":"type-product","3":"status-publish","4":"has-post-thumbnail","6":"product_cat-bluzlar","7":"product_cat-ozel-fiyatlar","10":"first","11":"instock","12":"shipping-taxable","13":"product-type-external"},"_links":{"self":[{"href":"https:\/\/lialea.com\/en\/wp-json\/wp\/v2\/product\/55374","targetHints":{"allow":["GET"]}}],"collection":[{"href":"https:\/\/lialea.com\/en\/wp-json\/wp\/v2\/product"}],"about":[{"href":"https:\/\/lialea.com\/en\/wp-json\/wp\/v2\/types\/product"}],"replies":[{"embeddable":true,"href":"https:\/\/lialea.com\/en\/wp-json\/wp\/v2\/comments?post=55374"}],"wp:featuredmedia":[{"embeddable":true,"href":"https:\/\/lialea.com\/en\/wp-json\/wp\/v2\/media\/54749"}],"wp:attachment":[{"href":"https:\/\/lialea.com\/en\/wp-json\/wp\/v2\/media?parent=55374"}],"wp:term":[{"taxonomy":"product_brand","embeddable":true,"href":"https:\/\/lialea.com\/en\/wp-json\/wp\/v2\/product_brand?post=55374"},{"taxonomy":"product_cat","embeddable":true,"href":"https:\/\/lialea.com\/en\/wp-json\/wp\/v2\/product_cat?post=55374"},{"taxonomy":"product_tag","embeddable":true,"href":"https:\/\/lialea.com\/en\/wp-json\/wp\/v2\/product_tag?post=55374"}],"curies":[{"name":"wp","href":"https:\/\/api.w.org\/{rel}","templated":true}]}}